{"id":11785,"date":"2024-12-05T16:06:45","date_gmt":"2024-12-05T15:06:45","guid":{"rendered":"https:\/\/noain.es\/?page_id=11785"},"modified":"2025-01-27T13:30:31","modified_gmt":"2025-01-27T12:30:31","slug":"noaingo-julian-gayarre-musika-eskola","status":"publish","type":"page","link":"https:\/\/noain.es\/eu\/zerbitzuak\/noaingo-julian-gayarre-musika-eskola\/","title":{"rendered":"NOAINGO JULI\u00c1N GAYARRE MUSIKA ESKOLA"},"content":{"rendered":"\n<div class=\"wp-block-columns is-layout-flex wp-container-core-columns-is-layout-9d6595d7 wp-block-columns-is-layout-flex\">\n<div class=\"wp-block-column is-layout-flow wp-block-column-is-layout-flow\" style=\"flex-basis:66.66%\">\n<p><strong>Noaingo Udalaren Musika Eskolak eskaintza zabala du maila guztietarako, eta ederki hornitua dago askotariko instrumentu eta musika-estiloetan; oso egokia, beraz, musika arloko profesional bikainekin ikasteko eta gozatzeko. \u201cMusika guztiontzat\u201d.<\/strong><\/p>\n\n\n\n<p><strong>Helbidea<\/strong>: San Miguel kalea 2, behea. Noain<\/p>\n\n\n\n<p><strong>Telefonoa<\/strong>: 948 31 79 97<\/p>\n\n\n\n<p><strong>E-posta<\/strong>: <a href=\"mailto:patronatomusica@hotmail.com\">patronatomusica@hotmail.com<\/a><\/p>\n\n\n\n<p><strong>Egoitza elektronikoa<\/strong>: <a href=\"https:\/\/patronato-musica-julian-gayarre.sedelectronica.es\/info.0\" target=\"_blank\" rel=\"noreferrer noopener\">https:\/\/patronato-musica-julian-gayarre.sedelectronica.es\/info.0<\/a><\/p>\n\n\n\n<p><strong>Web:<\/strong>\u00a0<a href=\"https:\/\/www.facebook.com\/escuelademusicadenoain\" target=\"_blank\" rel=\"noreferrer noopener nofollow\">https:\/\/www.facebook.com\/escuelademusicadenoain<\/a><\/p>\n\n\n\n<p><strong>2023\/2024 IKASTURTEKO MUSIKA IKASKETETARAKO DIRU LAGUNTZA DEIALDIAK <\/strong><\/p>\n\n\n\n<p><a href=\"https:\/\/noain.es\/wp-content\/uploads\/2024\/12\/CONVOCATORIA-BECAS-CURSO-2023-2024.pdf\" target=\"_blank\" rel=\"noreferrer noopener\">2023-2024 ikasturteko beka deialdia <\/a><\/p>\n\n\n\n<p><a href=\"https:\/\/noain.es\/wp-content\/uploads\/2024\/12\/ANEXO-I.-INSTANCIA-DE-SOLICITUD.pdf\" target=\"_blank\" rel=\"noreferrer noopener\">I. Eranskina &#8211; Eskabide orria <\/a><\/p>\n\n\n\n<p><a href=\"https:\/\/www.infosubvenciones.es\/bdnstrans\/GE\/es\/convocatorias\/792065\" target=\"_blank\" rel=\"noreferrer noopener nofollow\">Argitalpena Dirulaguntzen Datu-base Nazionalean<\/a> <\/p>\n\n\n\n<p><a href=\"https:\/\/bon.navarra.es\/es\/anuncio\/-\/texto\/2024\/221\/61\" target=\"_blank\" rel=\"noreferrer noopener nofollow\">Deialdiaren Argitalpena Nafarroako Aldizkari Ofizialaren 221. zenbakian, 2024ko urria <\/a><\/p>\n\n\n\n<h4 class=\"wp-block-heading\"><strong>Udalaren musika eskola<\/strong><\/h4>\n\n\n\n<p>Eskolaren eraikina Nafarroako nabarmenetako bat izan da diseinuari, intsonorizazioari, kokapenari eta ekipamenduari dagokienez, eta bere argitasuna nabarmendu du, bere elementu eta gainazalen diseinuan kristala izugarri erabili delako. Ikastetxe eta Institututik gertu dagoen eta nagusiki oinezkoak diren ingurunean kokatuta dagoenez, sarbidea segurua da erabiltzaile eta familia guztientzat. Haur-parke batez eta lorategi batez inguratuta egoteaz gain, kultura-zentrotik eta liburutegitik metro gutxira dago. 2020ko irailean, ikastetxeak kontingentzia-plan bat egin eta abiarazi zuen, ingurune segurua sortzeko, eta beharrezko neurri guztiak hartu zituen (higienea, distantzia, edukiera murriztea eta aireztapena). Planak Zerbitzuaren irakaskuntza-jarduera arautzen jarraituko du, eta indarrean dagoen araudiaren arabera eguneratuko da.<\/p>\n\n\n\n<p><strong>20 gela intsonorizatu<\/strong> ditu, 3 ikasketa-kabina, haurrendako 2 ikasgela egokitu, liburutegia, eta entzunaldietarako gela; guztiak ere ederki hornituak, bakoitzaren beharren arabera. Gainera, perkusio ikasgelarik hornituenetako bat dauka, musika eskola guztien artean<\/p>\n\n\n\n<figure class=\"wp-block-image size-full\"><img loading=\"lazy\" decoding=\"async\" width=\"650\" height=\"227\" src=\"https:\/\/noain.es\/wp-content\/uploads\/2024\/12\/escuela-musica-interior.jpg\" alt=\"\" class=\"wp-image-8568\" srcset=\"https:\/\/noain.es\/wp-content\/uploads\/2024\/12\/escuela-musica-interior.jpg 650w, https:\/\/noain.es\/wp-content\/uploads\/2024\/12\/escuela-musica-interior-300x105.jpg 300w\" sizes=\"auto, (max-width: 650px) 100vw, 650px\" \/><figcaption class=\"wp-element-caption\">Aulas Escuela de M\u00fasica<\/figcaption><\/figure>\n\n\n\n<h4 class=\"wp-block-heading\"><strong>Hiru hezkuntza maila<\/strong><\/h4>\n\n\n\n<p>Eskolako eskaintza zabal-zabala da benetan, hiru urteko haurretatik hasita ikasle beteranoenetara, teknika hobetzeko eta ezagutzak sakontzeko aukera baitute.<\/p>\n\n\n\n<p><strong>I. maila<\/strong>: Eskolako txikiak dira, eta 4 ikasturtetan jolasten eta musika bizitzen ikasiko dute, erritmoa, doinua eta soinuak landuz, eta gorputzaren, kantuaren, instrumentuen praktikaren eta talde lanaren bidez koordinatuz.<\/p>\n\n\n\n<p><strong>II. maila<\/strong>: Hemen gure ikasleek instrumentua aukeratzen dute (akordeoia, baxu elektriko,a kantu lirikoa, kantu modernoa, gitarra elektrikoa eta akustiko,a gitarra klasikoa, tronpeta, tronboi irristailuduna, txistua, zeharkako flauta, saxofoia, biolina eta pianoa), eta 6 urtez hizkuntza musikal eta instrumentu teknika nahikoa ikasiko dute autonomia interesgarria eskuratzeko. Bide profesionala aukeratzen dutenek, gure eskolan ere prestatzen ahalko dute Kontserbatorioan sartzeko proba. Haur abesbatzan ere sartuko dira, eta gero, fanfarrean, etapa honetako prestakuntza osatzeko.<\/p>\n\n\n\n<p><strong>III. maila<\/strong>: Musika modernoaren mundua eta taldean jotzen ikasi nahi duten ikasleentzat da.<br>Hiru maila horiez gain, ikasle helduak gure eskolak eskaintzen dituen irakasgaietan matrikulatu daitezke modu librean, eta klase pertsonalizatuak jaso.<\/p>\n\n\n\n<h4 class=\"wp-block-heading\"><strong>Eskolako fanfarrea<\/strong><\/h4>\n\n\n\n<p>Noaingo kultur bizitzako hainbat ekitaldietan parte hartzen du gure fanfarreak. Bere musikaz alaitzen ditu , besteak beste, udako festak, Ihauteriak, Olentzero desfilea, Jubilatuen kultur astea, Bio noain feria eta musika eskolako Jaialdiak.<\/p>\n\n\n\n<h4 class=\"wp-block-heading\"><strong>Abesbatzak<\/strong><\/h4>\n\n\n\n<p>Noaingo musika eskolan 4 abesbatza daude (haurren abesbatza, eskolania gazteena eta helduena), eta bere izena dute jada Nafarroan. Horrela, hainbat operatan aritu dira lankidetzan, trukaketak ere egin dituzte beste abesbatza batzuekin, eta urte osoan hamaika emanaldi dituzte hala Nafarroan nola hemendik kanpo.<\/p>\n\n\n\n<figure class=\"wp-block-image size-full\"><img loading=\"lazy\" decoding=\"async\" width=\"650\" height=\"229\" src=\"https:\/\/noain.es\/wp-content\/uploads\/2024\/12\/escuela-musica-profesores-1.jpg\" alt=\"\" class=\"wp-image-8586\" srcset=\"https:\/\/noain.es\/wp-content\/uploads\/2024\/12\/escuela-musica-profesores-1.jpg 650w, https:\/\/noain.es\/wp-content\/uploads\/2024\/12\/escuela-musica-profesores-1-300x106.jpg 300w\" sizes=\"auto, (max-width: 650px) 100vw, 650px\" \/><\/figure>\n\n\n\n<figure class=\"wp-block-gallery has-nested-images columns-default is-cropped wp-block-gallery-1 is-layout-flex wp-block-gallery-is-layout-flex\">\n<figure class=\"wp-block-image size-large\"><img loading=\"lazy\" decoding=\"async\" width=\"1024\" height=\"683\" data-id=\"8572\" src=\"https:\/\/noain.es\/wp-content\/uploads\/2024\/12\/escuela-musica-piano.jpg\" alt=\"\" class=\"wp-image-8572\" srcset=\"https:\/\/noain.es\/wp-content\/uploads\/2024\/12\/escuela-musica-piano.jpg 1024w, https:\/\/noain.es\/wp-content\/uploads\/2024\/12\/escuela-musica-piano-300x200.jpg 300w, https:\/\/noain.es\/wp-content\/uploads\/2024\/12\/escuela-musica-piano-768x512.jpg 768w\" sizes=\"auto, (max-width: 1024px) 100vw, 1024px\" \/><\/figure>\n\n\n\n<figure class=\"wp-block-image size-large\"><img loading=\"lazy\" decoding=\"async\" width=\"968\" height=\"645\" data-id=\"8574\" src=\"https:\/\/noain.es\/wp-content\/uploads\/2024\/12\/escuela_interior.jpg\" alt=\"\" class=\"wp-image-8574\" srcset=\"https:\/\/noain.es\/wp-content\/uploads\/2024\/12\/escuela_interior.jpg 968w, https:\/\/noain.es\/wp-content\/uploads\/2024\/12\/escuela_interior-300x200.jpg 300w, https:\/\/noain.es\/wp-content\/uploads\/2024\/12\/escuela_interior-768x512.jpg 768w\" sizes=\"auto, (max-width: 968px) 100vw, 968px\" \/><\/figure>\n\n\n\n<figure class=\"wp-block-image size-large\"><img loading=\"lazy\" decoding=\"async\" width=\"450\" height=\"338\" data-id=\"8576\" src=\"https:\/\/noain.es\/wp-content\/uploads\/2024\/12\/Coro-juvenil-valle-de-elorz-Festival-Navidad2012.jpg\" alt=\"\" class=\"wp-image-8576\" srcset=\"https:\/\/noain.es\/wp-content\/uploads\/2024\/12\/Coro-juvenil-valle-de-elorz-Festival-Navidad2012.jpg 450w, https:\/\/noain.es\/wp-content\/uploads\/2024\/12\/Coro-juvenil-valle-de-elorz-Festival-Navidad2012-300x225.jpg 300w\" sizes=\"auto, (max-width: 450px) 100vw, 450px\" \/><\/figure>\n\n\n\n<figure class=\"wp-block-image size-large\"><img loading=\"lazy\" decoding=\"async\" width=\"1024\" height=\"768\" data-id=\"8578\" src=\"https:\/\/noain.es\/wp-content\/uploads\/2024\/12\/Seleccionada-1-1024x768.jpg\" alt=\"\" class=\"wp-image-8578\" srcset=\"https:\/\/noain.es\/wp-content\/uploads\/2024\/12\/Seleccionada-1-1024x768.jpg 1024w, https:\/\/noain.es\/wp-content\/uploads\/2024\/12\/Seleccionada-1-300x225.jpg 300w, https:\/\/noain.es\/wp-content\/uploads\/2024\/12\/Seleccionada-1-768x576.jpg 768w, https:\/\/noain.es\/wp-content\/uploads\/2024\/12\/Seleccionada-1-1536x1152.jpg 1536w, https:\/\/noain.es\/wp-content\/uploads\/2024\/12\/Seleccionada-1-2048x1536.jpg 2048w\" sizes=\"auto, (max-width: 1024px) 100vw, 1024px\" \/><\/figure>\n\n\n\n<figure class=\"wp-block-image size-large\"><img loading=\"lazy\" decoding=\"async\" width=\"1024\" height=\"768\" data-id=\"8580\" src=\"https:\/\/noain.es\/wp-content\/uploads\/2024\/12\/Seleccionada-2.jpg\" alt=\"\" class=\"wp-image-8580\" srcset=\"https:\/\/noain.es\/wp-content\/uploads\/2024\/12\/Seleccionada-2.jpg 1024w, https:\/\/noain.es\/wp-content\/uploads\/2024\/12\/Seleccionada-2-300x225.jpg 300w, https:\/\/noain.es\/wp-content\/uploads\/2024\/12\/Seleccionada-2-768x576.jpg 768w\" sizes=\"auto, (max-width: 1024px) 100vw, 1024px\" \/><\/figure>\n\n\n\n<figure class=\"wp-block-image size-large\"><img loading=\"lazy\" decoding=\"async\" width=\"1024\" height=\"768\" data-id=\"8582\" src=\"https:\/\/noain.es\/wp-content\/uploads\/2024\/12\/Seleccionada-3.jpg\" alt=\"\" class=\"wp-image-8582\" srcset=\"https:\/\/noain.es\/wp-content\/uploads\/2024\/12\/Seleccionada-3.jpg 1024w, https:\/\/noain.es\/wp-content\/uploads\/2024\/12\/Seleccionada-3-300x225.jpg 300w, https:\/\/noain.es\/wp-content\/uploads\/2024\/12\/Seleccionada-3-768x576.jpg 768w\" sizes=\"auto, (max-width: 1024px) 100vw, 1024px\" \/><\/figure>\n\n\n\n<figure class=\"wp-block-image size-large\"><img loading=\"lazy\" decoding=\"async\" width=\"1024\" height=\"768\" data-id=\"8584\" src=\"https:\/\/noain.es\/wp-content\/uploads\/2024\/12\/Seleccionada-4.jpg\" alt=\"\" class=\"wp-image-8584\" srcset=\"https:\/\/noain.es\/wp-content\/uploads\/2024\/12\/Seleccionada-4.jpg 1024w, https:\/\/noain.es\/wp-content\/uploads\/2024\/12\/Seleccionada-4-300x225.jpg 300w, https:\/\/noain.es\/wp-content\/uploads\/2024\/12\/Seleccionada-4-768x576.jpg 768w\" sizes=\"auto, (max-width: 1024px) 100vw, 1024px\" \/><\/figure>\n<\/figure>\n\n\n\n<iframe src=\"https:\/\/www.google.com\/maps\/embed?pb=!1m14!1m8!1m3!1d6614.240243599723!2d-1.633011!3d42.756831!3m2!1i1024!2i768!4f13.1!3m3!1m2!1s0xd50917488a29a6f%3A0xe28441b9f2c3db8f!2sC.%20San%20Miguel%2C%202%2C%2031110%20No%C3%A1in%2C%20Navarra%2C%20Espa%C3%B1a!5e1!3m2!1ses!2sus!4v1733411225657!5m2!1ses!2sus\" width=\"600\" height=\"450\" style=\"border:0;\" allowfullscreen=\"\" loading=\"lazy\" referrerpolicy=\"no-referrer-when-downgrade\"><\/iframe>\n<\/div>\n\n\n\n<div class=\"wp-block-column is-layout-flow wp-block-column-is-layout-flow\" style=\"flex-basis:33.33%\">\n<figure class=\"wp-block-image size-full\"><img loading=\"lazy\" decoding=\"async\" width=\"338\" height=\"450\" src=\"https:\/\/noain.es\/wp-content\/uploads\/2024\/12\/Escuela-de-musica-julian-gayarre.jpg\" alt=\"\" class=\"wp-image-8591\" style=\"aspect-ratio:3\/4;object-fit:cover\" srcset=\"https:\/\/noain.es\/wp-content\/uploads\/2024\/12\/Escuela-de-musica-julian-gayarre.jpg 338w, https:\/\/noain.es\/wp-content\/uploads\/2024\/12\/Escuela-de-musica-julian-gayarre-225x300.jpg 225w\" sizes=\"auto, (max-width: 338px) 100vw, 338px\" \/><figcaption class=\"wp-element-caption\">Escuela de M\u00fasica &#8220;Juli\u00e1n Gayarre&#8221; de No\u00e1in<\/figcaption><\/figure>\n\n\n\n<h4 class=\"wp-block-heading\">Intereseko dokumentuak<\/h4>\n\n\n\n<p><a href=\"https:\/\/noain.es\/wp-content\/uploads\/2024\/12\/Precedimiento-de-matriculacion-curso-2024-2025.pdf\" target=\"_blank\" rel=\"noreferrer noopener\">2024-2025 ikasturtean musika eskolan matrikulatzeko prozedura <\/a><\/p>\n\n\n\n<p><a href=\"https:\/\/noain.es\/wp-content\/uploads\/2024\/12\/CALENDARIO-ESCOLAR-2024-2025-Escuela-De-Musica-1.pdf\" target=\"_blank\" rel=\"noreferrer noopener\">2024-2025 ikasturteko egutegia <\/a><\/p>\n\n\n\n<p><a href=\"https:\/\/noain.es\/wp-content\/uploads\/2024\/12\/Material-Lenguaje-Musical-2024-25-1.pdf\" target=\"_blank\" rel=\"noreferrer noopener\">2024-2025eko musika hizkuntz materiala<\/a><\/p>\n\n\n\n<p><a href=\"https:\/\/noain.es\/wp-content\/uploads\/2024\/12\/Composicion-actual-de-la-Junta-Rectora-del-Patronato-septiembre-2020-1.pdf\" target=\"_blank\" rel=\"noreferrer noopener\">Noaingo &#8220;Juli\u00e1n Gayarre&#8221; Musika Eskolako Udal Patronatuko Zuzendaritza Batzordearen osaera. <\/a><\/p>\n\n\n\n<p><a href=\"https:\/\/noain.es\/wp-content\/uploads\/2024\/12\/TABLA-TASAS-_ESCUELA-MUNICIPAL-DE-MUSICA-1.pdf\" target=\"_blank\" rel=\"noreferrer noopener\">Musika eskolako tasa akademikoak<\/a><\/p>\n\n\n\n<p><a href=\"https:\/\/noain.es\/wp-content\/uploads\/2024\/12\/Estructura-y-temporalizacion-lectiva-nuevo-plan-EM-Noain-JUNIO-2016-1.pdf\" target=\"_blank\" rel=\"noreferrer noopener\">Egitura eta eskola denboralizazioa<\/a><\/p>\n\n\n\n<p><a href=\"https:\/\/noain.es\/wp-content\/uploads\/2024\/12\/organigrama-nivel-iii-1.pdf\" target=\"_blank\" rel=\"noreferrer noopener\">Organigrama III. maila<\/a><\/p>\n\n\n\n<p><a href=\"https:\/\/noain.es\/wp-content\/uploads\/2024\/12\/organigrama-niveles-y-cursos-1.pdf\" target=\"_blank\" rel=\"noreferrer noopener\">Organigrama mailak eta ikasturteak<\/a><\/p>\n\n\n\n<p><a href=\"https:\/\/noain.es\/wp-content\/uploads\/2024\/12\/autorizacion-de-difusion-de-imagen-del-alumnado-1.pdf\" target=\"_blank\" rel=\"noreferrer noopener\">Ikasleen irudien zabalpenerako baimena <\/a><\/p>\n\n\n\n<h5 class=\"wp-block-heading\">30 urteko esperientziak eskola eredugarri gisa bermatzen gaitu bere funtzionamenduan eta bailarako bizimoduan duen eraginean. Ilusio berarekin jarraituko dugu musika ikaskuntzaren bitartez kulturan formakuntza eskaintzen eta belaunaldi berriak hezten.<\/h5>\n\n\n\n<h5 class=\"wp-block-heading\">Laguntza: Gobierno de Navarra<\/h5>\n\n\n<div class=\"wp-block-image\">\n<figure class=\"aligncenter size-full\"><img loading=\"lazy\" decoding=\"async\" width=\"170\" height=\"39\" src=\"https:\/\/noain.es\/wp-content\/uploads\/2024\/12\/logo_gn.gif\" alt=\"\" class=\"wp-image-8594\"\/><\/figure>\n<\/div><\/div>\n<\/div>\n\n\n\n<p><\/p>\n","protected":false},"excerpt":{"rendered":"<p>Noaingo Udalaren Musika Eskolak eskaintza zabala du maila guztietarako, eta ederki hornitua dago askotariko instrumentu eta musika-estiloetan; oso egokia, beraz, musika arloko profesional bikainekin ikasteko eta gozatzeko. \u201cMusika guztiontzat\u201d. Helbidea: San Miguel kalea 2, behea. Noain Telefonoa: 948 31 79 97 E-posta: patronatomusica@hotmail.com Egoitza elektronikoa: https:\/\/patronato-musica-julian-gayarre.sedelectronica.es\/info.0 Web:\u00a0https:\/\/www.facebook.com\/escuelademusicadenoain 2023\/2024 IKASTURTEKO MUSIKA IKASKETETARAKO DIRU LAGUNTZA DEIALDIAK 2023-2024 [&hellip;]<\/p>\n","protected":false},"author":1,"featured_media":0,"parent":11951,"menu_order":9,"comment_status":"closed","ping_status":"closed","template":"","meta":{"_acf_changed":false,"footnotes":""},"class_list":["post-11785","page","type-page","status-publish","hentry"],"nelio_popups_active_popup":"","acf":[],"yoast_head":"<!-- This site is optimized with the Yoast SEO plugin v27.4 - https:\/\/yoast.com\/product\/yoast-seo-wordpress\/ -->\n<title>NOAINGO JULI\u00c1N GAYARRE MUSIKA ESKOLA - Elortzibarko Udala<\/title>\n<meta name=\"robots\" content=\"index, follow, max-snippet:-1, max-image-preview:large, max-video-preview:-1\" \/>\n<link rel=\"canonical\" href=\"https:\/\/noain.es\/eu\/zerbitzuak\/noaingo-julian-gayarre-musika-eskola\/\" \/>\n<meta property=\"og:locale\" content=\"eu_ES\" \/>\n<meta property=\"og:type\" content=\"article\" \/>\n<meta property=\"og:title\" content=\"NOAINGO JULI\u00c1N GAYARRE MUSIKA ESKOLA - Elortzibarko Udala\" \/>\n<meta property=\"og:description\" content=\"Noaingo Udalaren Musika Eskolak eskaintza zabala du maila guztietarako, eta ederki hornitua dago askotariko instrumentu eta musika-estiloetan; oso egokia, beraz, musika arloko profesional bikainekin ikasteko eta gozatzeko. \u201cMusika guztiontzat\u201d. Helbidea: San Miguel kalea 2, behea. Noain Telefonoa: 948 31 79 97 E-posta: patronatomusica@hotmail.com Egoitza elektronikoa: https:\/\/patronato-musica-julian-gayarre.sedelectronica.es\/info.0 Web:\u00a0https:\/\/www.facebook.com\/escuelademusicadenoain 2023\/2024 IKASTURTEKO MUSIKA IKASKETETARAKO DIRU LAGUNTZA DEIALDIAK 2023-2024 [&hellip;]\" \/>\n<meta property=\"og:url\" content=\"https:\/\/noain.es\/eu\/zerbitzuak\/noaingo-julian-gayarre-musika-eskola\/\" \/>\n<meta property=\"og:site_name\" content=\"Elortzibarko Udala\" \/>\n<meta property=\"article:modified_time\" content=\"2025-01-27T12:30:31+00:00\" \/>\n<meta property=\"og:image\" content=\"https:\/\/noain.es\/wp-content\/uploads\/2024\/12\/escuela-musica-interior.jpg\" \/>\n\t<meta property=\"og:image:width\" content=\"650\" \/>\n\t<meta property=\"og:image:height\" content=\"227\" \/>\n\t<meta property=\"og:image:type\" content=\"image\/jpeg\" \/>\n<meta name=\"twitter:card\" content=\"summary_large_image\" \/>\n<meta name=\"twitter:label1\" content=\"Est. reading time\" \/>\n\t<meta name=\"twitter:data1\" content=\"5 minutes\" \/>\n<script type=\"application\/ld+json\" class=\"yoast-schema-graph\">{\"@context\":\"https:\\\/\\\/schema.org\",\"@graph\":[{\"@type\":\"WebPage\",\"@id\":\"https:\\\/\\\/noain.es\\\/eu\\\/zerbitzuak\\\/noaingo-julian-gayarre-musika-eskola\\\/\",\"url\":\"https:\\\/\\\/noain.es\\\/eu\\\/zerbitzuak\\\/noaingo-julian-gayarre-musika-eskola\\\/\",\"name\":\"NOAINGO JULI\u00c1N GAYARRE MUSIKA ESKOLA - Elortzibarko Udala\",\"isPartOf\":{\"@id\":\"https:\\\/\\\/noain.es\\\/eu\\\/#website\"},\"primaryImageOfPage\":{\"@id\":\"https:\\\/\\\/noain.es\\\/eu\\\/zerbitzuak\\\/noaingo-julian-gayarre-musika-eskola\\\/#primaryimage\"},\"image\":{\"@id\":\"https:\\\/\\\/noain.es\\\/eu\\\/zerbitzuak\\\/noaingo-julian-gayarre-musika-eskola\\\/#primaryimage\"},\"thumbnailUrl\":\"https:\\\/\\\/noain.es\\\/wp-content\\\/uploads\\\/2024\\\/12\\\/escuela-musica-interior.jpg\",\"datePublished\":\"2024-12-05T15:06:45+00:00\",\"dateModified\":\"2025-01-27T12:30:31+00:00\",\"breadcrumb\":{\"@id\":\"https:\\\/\\\/noain.es\\\/eu\\\/zerbitzuak\\\/noaingo-julian-gayarre-musika-eskola\\\/#breadcrumb\"},\"inLanguage\":\"eu-ES\",\"potentialAction\":[{\"@type\":\"ReadAction\",\"target\":[\"https:\\\/\\\/noain.es\\\/eu\\\/zerbitzuak\\\/noaingo-julian-gayarre-musika-eskola\\\/\"]}]},{\"@type\":\"ImageObject\",\"inLanguage\":\"eu-ES\",\"@id\":\"https:\\\/\\\/noain.es\\\/eu\\\/zerbitzuak\\\/noaingo-julian-gayarre-musika-eskola\\\/#primaryimage\",\"url\":\"https:\\\/\\\/noain.es\\\/wp-content\\\/uploads\\\/2024\\\/12\\\/escuela-musica-interior.jpg\",\"contentUrl\":\"https:\\\/\\\/noain.es\\\/wp-content\\\/uploads\\\/2024\\\/12\\\/escuela-musica-interior.jpg\"},{\"@type\":\"BreadcrumbList\",\"@id\":\"https:\\\/\\\/noain.es\\\/eu\\\/zerbitzuak\\\/noaingo-julian-gayarre-musika-eskola\\\/#breadcrumb\",\"itemListElement\":[{\"@type\":\"ListItem\",\"position\":1,\"name\":\"Portada\",\"item\":\"https:\\\/\\\/noain.es\\\/eu\\\/\"},{\"@type\":\"ListItem\",\"position\":2,\"name\":\"Zerbitzuak\",\"item\":\"https:\\\/\\\/noain.es\\\/eu\\\/zerbitzuak\\\/\"},{\"@type\":\"ListItem\",\"position\":3,\"name\":\"NOAINGO JULI\u00c1N GAYARRE MUSIKA ESKOLA\"}]},{\"@type\":\"WebSite\",\"@id\":\"https:\\\/\\\/noain.es\\\/eu\\\/#website\",\"url\":\"https:\\\/\\\/noain.es\\\/eu\\\/\",\"name\":\"Elortzibarko Udala\",\"description\":\"\",\"potentialAction\":[{\"@type\":\"SearchAction\",\"target\":{\"@type\":\"EntryPoint\",\"urlTemplate\":\"https:\\\/\\\/noain.es\\\/eu\\\/?s={search_term_string}\"},\"query-input\":{\"@type\":\"PropertyValueSpecification\",\"valueRequired\":true,\"valueName\":\"search_term_string\"}}],\"inLanguage\":\"eu-ES\"}]}<\/script>\n<!-- \/ Yoast SEO plugin. -->","yoast_head_json":{"title":"NOAINGO JULI\u00c1N GAYARRE MUSIKA ESKOLA - Elortzibarko Udala","robots":{"index":"index","follow":"follow","max-snippet":"max-snippet:-1","max-image-preview":"max-image-preview:large","max-video-preview":"max-video-preview:-1"},"canonical":"https:\/\/noain.es\/eu\/zerbitzuak\/noaingo-julian-gayarre-musika-eskola\/","og_locale":"eu_ES","og_type":"article","og_title":"NOAINGO JULI\u00c1N GAYARRE MUSIKA ESKOLA - Elortzibarko Udala","og_description":"Noaingo Udalaren Musika Eskolak eskaintza zabala du maila guztietarako, eta ederki hornitua dago askotariko instrumentu eta musika-estiloetan; oso egokia, beraz, musika arloko profesional bikainekin ikasteko eta gozatzeko. \u201cMusika guztiontzat\u201d. Helbidea: San Miguel kalea 2, behea. Noain Telefonoa: 948 31 79 97 E-posta: patronatomusica@hotmail.com Egoitza elektronikoa: https:\/\/patronato-musica-julian-gayarre.sedelectronica.es\/info.0 Web:\u00a0https:\/\/www.facebook.com\/escuelademusicadenoain 2023\/2024 IKASTURTEKO MUSIKA IKASKETETARAKO DIRU LAGUNTZA DEIALDIAK 2023-2024 [&hellip;]","og_url":"https:\/\/noain.es\/eu\/zerbitzuak\/noaingo-julian-gayarre-musika-eskola\/","og_site_name":"Elortzibarko Udala","article_modified_time":"2025-01-27T12:30:31+00:00","og_image":[{"width":650,"height":227,"url":"https:\/\/noain.es\/wp-content\/uploads\/2024\/12\/escuela-musica-interior.jpg","type":"image\/jpeg"}],"twitter_card":"summary_large_image","twitter_misc":{"Est. reading time":"5 minutes"},"schema":{"@context":"https:\/\/schema.org","@graph":[{"@type":"WebPage","@id":"https:\/\/noain.es\/eu\/zerbitzuak\/noaingo-julian-gayarre-musika-eskola\/","url":"https:\/\/noain.es\/eu\/zerbitzuak\/noaingo-julian-gayarre-musika-eskola\/","name":"NOAINGO JULI\u00c1N GAYARRE MUSIKA ESKOLA - Elortzibarko Udala","isPartOf":{"@id":"https:\/\/noain.es\/eu\/#website"},"primaryImageOfPage":{"@id":"https:\/\/noain.es\/eu\/zerbitzuak\/noaingo-julian-gayarre-musika-eskola\/#primaryimage"},"image":{"@id":"https:\/\/noain.es\/eu\/zerbitzuak\/noaingo-julian-gayarre-musika-eskola\/#primaryimage"},"thumbnailUrl":"https:\/\/noain.es\/wp-content\/uploads\/2024\/12\/escuela-musica-interior.jpg","datePublished":"2024-12-05T15:06:45+00:00","dateModified":"2025-01-27T12:30:31+00:00","breadcrumb":{"@id":"https:\/\/noain.es\/eu\/zerbitzuak\/noaingo-julian-gayarre-musika-eskola\/#breadcrumb"},"inLanguage":"eu-ES","potentialAction":[{"@type":"ReadAction","target":["https:\/\/noain.es\/eu\/zerbitzuak\/noaingo-julian-gayarre-musika-eskola\/"]}]},{"@type":"ImageObject","inLanguage":"eu-ES","@id":"https:\/\/noain.es\/eu\/zerbitzuak\/noaingo-julian-gayarre-musika-eskola\/#primaryimage","url":"https:\/\/noain.es\/wp-content\/uploads\/2024\/12\/escuela-musica-interior.jpg","contentUrl":"https:\/\/noain.es\/wp-content\/uploads\/2024\/12\/escuela-musica-interior.jpg"},{"@type":"BreadcrumbList","@id":"https:\/\/noain.es\/eu\/zerbitzuak\/noaingo-julian-gayarre-musika-eskola\/#breadcrumb","itemListElement":[{"@type":"ListItem","position":1,"name":"Portada","item":"https:\/\/noain.es\/eu\/"},{"@type":"ListItem","position":2,"name":"Zerbitzuak","item":"https:\/\/noain.es\/eu\/zerbitzuak\/"},{"@type":"ListItem","position":3,"name":"NOAINGO JULI\u00c1N GAYARRE MUSIKA ESKOLA"}]},{"@type":"WebSite","@id":"https:\/\/noain.es\/eu\/#website","url":"https:\/\/noain.es\/eu\/","name":"Elortzibarko Udala","description":"","potentialAction":[{"@type":"SearchAction","target":{"@type":"EntryPoint","urlTemplate":"https:\/\/noain.es\/eu\/?s={search_term_string}"},"query-input":{"@type":"PropertyValueSpecification","valueRequired":true,"valueName":"search_term_string"}}],"inLanguage":"eu-ES"}]}},"_links":{"self":[{"href":"https:\/\/noain.es\/eu\/wp-json\/wp\/v2\/pages\/11785","targetHints":{"allow":["GET"]}}],"collection":[{"href":"https:\/\/noain.es\/eu\/wp-json\/wp\/v2\/pages"}],"about":[{"href":"https:\/\/noain.es\/eu\/wp-json\/wp\/v2\/types\/page"}],"author":[{"embeddable":true,"href":"https:\/\/noain.es\/eu\/wp-json\/wp\/v2\/users\/1"}],"replies":[{"embeddable":true,"href":"https:\/\/noain.es\/eu\/wp-json\/wp\/v2\/comments?post=11785"}],"version-history":[{"count":7,"href":"https:\/\/noain.es\/eu\/wp-json\/wp\/v2\/pages\/11785\/revisions"}],"predecessor-version":[{"id":12608,"href":"https:\/\/noain.es\/eu\/wp-json\/wp\/v2\/pages\/11785\/revisions\/12608"}],"up":[{"embeddable":true,"href":"https:\/\/noain.es\/eu\/wp-json\/wp\/v2\/pages\/11951"}],"wp:attachment":[{"href":"https:\/\/noain.es\/eu\/wp-json\/wp\/v2\/media?parent=11785"}],"curies":[{"name":"wp","href":"https:\/\/api.w.org\/{rel}","templated":true}]}}