{"id":11802,"date":"2024-12-09T11:44:50","date_gmt":"2024-12-09T10:44:50","guid":{"rendered":"https:\/\/noain.es\/?page_id=11802"},"modified":"2025-01-09T16:33:43","modified_gmt":"2025-01-09T15:33:43","slug":"turismoa-eta-bitxikeriak","status":"publish","type":"page","link":"https:\/\/noain.es\/eu\/elortzibar\/turismoa-eta-bitxikeriak\/","title":{"rendered":"TURISMOA ETA BITXIKERIAK"},"content":{"rendered":"\n<h3 class=\"wp-block-heading\">NOLA IRITSI<\/h3>\n\n\n\n<iframe src=\"https:\/\/www.google.com\/maps\/embed?pb=!1m14!1m8!1m3!1d13228.235415440808!2d-1.632657!3d42.757979!3m2!1i1024!2i768!4f13.1!3m3!1m2!1s0xd5091769dff71b3%3A0xd21f19c9e5d6adcc!2zMzExMTAgTm_DoWluLCBOYXZhcnJhLCBFc3Bhw7Fh!5e1!3m2!1ses!2sus!4v1733741116135!5m2!1ses!2sus\" width=\"600\" height=\"450\" style=\"border:0;\" allowfullscreen=\"\" loading=\"lazy\" referrerpolicy=\"no-referrer-when-downgrade\"><\/iframe>\n\n\n\n<p>Ekialdetik, Ibarra zeharkatzen duen N-240 errepidean barna (Iru\u00f1eko norabidean). Hegoaldetik, bai A-15 autopistan zehar, nola N-121 errepidean barna (biak ere Iru\u00f1erantz). Iparraldetik, AP-15 autopistan barna (Zaragoza bidean). Eta mendebaldetik, AP-15en barna, edo Iru\u00f1etik, NA-6001 errepidea hartuta, eta gero, NA-6002 errepidea.<\/p>\n\n\n\n<p>Eskualdeko Hiri Garraioaren 16. Lineak egunero lotzen du Noain Iru\u00f1ea erdigunearekin.&nbsp;<a href=\"http:\/\/www.mcp.es\/\" target=\"_blank\" rel=\"noreferrer noopener nofollow\">Zerbitzua Iru\u00f1erriko Mankomunitateak<\/a>, kudeatzen du. Bisitatu haren webgunea,ordutegi eta geraleku guztiak jakiteko, bai eta lineen arteko autobus-aldaketak ere.<\/p>\n\n\n\n<div class=\"wp-block-buttons is-layout-flex wp-block-buttons-is-layout-flex\">\n<div class=\"wp-block-button is-style-fill\"><a class=\"wp-block-button__link has-black-color has-pale-cyan-blue-background-color has-text-color has-background has-link-color wp-element-button\" href=\"http:\/\/www.infotuc.es\/index.php\/es\/horarios-y-recorridos\/linea\/16\" target=\"_blank\" rel=\" noreferrer noopener nofollow\">LINEA, ORDUTEGIAK ETA GERALEKUAK<\/a><\/div>\n<\/div>\n\n\n\n<h3 class=\"wp-block-heading\">MONUMNETU ETA ERAIKIN INTERESGARRIAK<\/h3>\n\n\n\n<ul class=\"wp-block-list\">\n<li><strong>Elortz &#8211; arkitektura zibila eta Jasokundeko Andre Mariaren Eliza<\/strong><br>Elortzen badira arras etxe zainduak eta eder-ederrak\u2026<a href=\"https:\/\/noain.es\/eu\/elortzibar\/turismoa-eta-bitxikeriak\/elortz-arkitektura-zibila-eta-jasokunde-andre-mariaren-eliza\/\">gehiago irakurri<\/a><\/li>\n\n\n\n<li><strong>Ezperun &#8211; Sorkundeko Andre Mariaren eliza eta jaunen jauregia<\/strong><br>Eliza hondatu samarra dago, harrobiko leherketen ondorioz\u2026&nbsp;<a href=\"https:\/\/noain.es\/eu\/elortzibar\/turismoa-eta-bitxikeriak\/ezperun-sorkundeko-andre-mariaren-eliza-eta-jaunen-jauregia\/\">gehiago irakurri<\/a><\/li>\n\n\n\n<li><strong>Gerendiain, San Joan Bataiatzailearen eliza<\/strong><br>Ibarreko beste batzuk bezala, jatorriz Erdi Arokoa da\u2026&nbsp;<a href=\"https:\/\/noain.es\/eu\/elortzibar\/turismoa-eta-bitxikeriak\/gerendiain-san-joan-bataiatzailearen-parrokia\/\">gehiago irakurri<\/a><\/li>\n\n\n\n<li><strong>Imarkoain, arkitektura zibila eta San Martin Tourskoaren eliza<\/strong><br>Etxe zaharrenak eliza ondoan daude\u2026&nbsp;<a href=\"https:\/\/noain.es\/eu\/elortzibar\/turismoa-eta-bitxikeriak\/imarkoain-arkitektura-zibila-eta-san-martin-tourskoaren-eliza\/\">gehiago irakurri<\/a><\/li>\n\n\n\n<li><strong>Noain, akueduktua eta San Migel eliza<\/strong><br>Ura Subitzako iturburu bati zerion\u2026&nbsp;<a href=\"https:\/\/noain.es\/eu\/elortzibar\/turismoa-eta-bitxikeriak\/noain-el-acueducto-y-la-iglesia-de-san-miguel\/\">gehiago irakurri<\/a><\/li>\n\n\n\n<li><strong>Oritz, jauregia eta San Adrian eliza<\/strong><br>Lehenago, jauregiak lau dorre txiki izan zituen, bat izkina banatan\u2026&nbsp;<a href=\"https:\/\/noain.es\/eu\/elortzibar\/turismoa-eta-bitxikeriak\/oritz-jauregia-eta-san-adrian-eliza\/\">gehiago irakurri<\/a><\/li>\n\n\n\n<li><strong>Otano, Erdi Aroko zubia eta Jasokunde Andre Mariaren eliza<\/strong><br>Ongi kontserbatu da Erdi Aroko herria\u2026\u00a0<a href=\"https:\/\/noain.es\/eu\/elortzibar\/turismoa-eta-bitxikeriak\/otao-erdi-aroko-zubia-eta-jasokunde-andre-mariaren-eliza\/\">gehiago irakurri<\/a><\/li>\n\n\n\n<li><strong>Dorre, arkitektura zibila<\/strong><br>\u201cCasa Grande\u201d izeneko etxea XVI. mendeko jauregia da\u2026\u00a0<a href=\"https:\/\/noain.es\/eu\/elortzibar\/turismoa-eta-bitxikeriak\/dorre-arkitektura-zibila\/\">gehiago irakurri<\/a><\/li>\n<\/ul>\n\n\n\n<h3 class=\"wp-block-heading\">Folklorea, herriko festak eta erromeriak<\/h3>\n\n\n\n<ul class=\"wp-block-list\">\n<li><strong>Elortzibarko herrietako jaiak<\/strong><br>Aurkitu noiz ospatzen dituen Elortzibarko herri bakoitzak bere jaiak\u2026\u00a0<a href=\"https:\/\/noain.es\/eu\/elortzibar\/turismoa-eta-bitxikeriak\/fiestas-patronales-de-los-pueblos-del-valle\/\">gehiago irakurri<\/a><\/li>\n\n\n\n<li><strong>Erromeriak<\/strong><br>Ibarrean egiten diren erromeriak\u2026\u00a0<a href=\"https:\/\/noain.es\/eu\/elortzibar\/turismoa-eta-bitxikeriak\/romerias\/\">irakurri gehiago<\/a><\/li>\n\n\n\n<li><strong>Inauteak eta bestelako jaiak<\/strong><br>Tortilla festa edo gaztainen jaia, ezagutu ibarreko beste jai batzuk\u2026\u00a0<a href=\"https:\/\/noain.es\/eu\/elortzibar\/turismoa-eta-bitxikeriak\/carnaval-y-otras-fiestas\/\">irakurri gehiago<\/a><\/li>\n<\/ul>\n\n\n\n<h3 class=\"wp-block-heading\">Txangoak ibarrean barna<\/h3>\n\n\n\n<ul class=\"wp-block-list\">\n<li><strong>Txangoa Noaindik Zuluetara<\/strong><br>Irteera Noaindik, Dorre, Zabalegi, Elortz eta Zulueta zeharkatuta \u2026\u00a0<a href=\"https:\/\/noain.es\/eu\/elortzibar\/turismoa-eta-bitxikeriak\/excursion-de-noain-a-zulueta\/\">irakurri gehiago<\/a><\/li>\n\n\n\n<li><strong>Txangoa Iharnoztik Imarkoainera<\/strong><br>Iharnoztik abiatuta, Otao, Ezperun, Oritz eta Imarkoain zeharkatuta\u2026\u00a0<a href=\"https:\/\/noain.es\/eu\/elortzibar\/turismoa-eta-bitxikeriak\/txangoa-iharnoztik-imarkoainera\/\">irakurri gehiago<\/a><\/li>\n\n\n\n<li><strong>Elortz ibaia Otaon, Ezperungo pagadia, Alaitz mendiko erkameztia eta artadia<\/strong><br>Ezagutu Elortz ibaia eta ibarreko bertako hiru baso motak \u2026\u00a0<a href=\"https:\/\/noain.es\/eu\/elortzibar\/turismoa-eta-bitxikeriak\/elortz-ibaia-otaon-ezperungo-pagadia-alaitz-mendiko-erkameztia-eta-artadia\/\">irakurri gehiago<\/a><\/li>\n\n\n\n<li><strong>Diablo-Zuloko leizea<\/strong><br>Alaitz Mendiko hegoaldeko hegalaren malkar batean dago\u2026\u00a0<a href=\"https:\/\/noain.es\/eu\/elortzibar\/turismoa-eta-bitxikeriak\/diablo-zuloko-leizea\/\">irakurri gehiago<\/a><\/li>\n\n\n\n<li><strong>Donejakue Bidea<\/strong><br>Bideak Alaitz mendiaren hegala zeharkatzen du, hainbat herri batuta\u2026\u00a0<a href=\"https:\/\/noain.es\/eu\/elortzibar\/turismoa-eta-bitxikeriak\/donejakue-bidea-elortzibarren-barna\/\">irakurri gehiago<\/a><br><\/li>\n<\/ul>\n","protected":false},"excerpt":{"rendered":"<p>NOLA IRITSI Ekialdetik, Ibarra zeharkatzen duen N-240 errepidean barna (Iru\u00f1eko norabidean). Hegoaldetik, bai A-15 autopistan zehar, nola N-121 errepidean barna (biak ere Iru\u00f1erantz). Iparraldetik, AP-15 autopistan barna (Zaragoza bidean). Eta mendebaldetik, AP-15en barna, edo Iru\u00f1etik, NA-6001 errepidea hartuta, eta gero, NA-6002 errepidea. Eskualdeko Hiri Garraioaren 16. Lineak egunero lotzen du Noain Iru\u00f1ea erdigunearekin.&nbsp;Zerbitzua Iru\u00f1erriko Mankomunitateak, [&hellip;]<\/p>\n","protected":false},"author":1,"featured_media":0,"parent":11787,"menu_order":7,"comment_status":"closed","ping_status":"closed","template":"","meta":{"_acf_changed":false,"footnotes":""},"class_list":["post-11802","page","type-page","status-publish","hentry"],"nelio_popups_active_popup":"","acf":[],"yoast_head":"<!-- This site is optimized with the Yoast SEO plugin v27.2 - https:\/\/yoast.com\/product\/yoast-seo-wordpress\/ -->\n<title>TURISMOA ETA BITXIKERIAK - Elortzibarko Udala<\/title>\n<meta name=\"robots\" content=\"index, follow, max-snippet:-1, max-image-preview:large, max-video-preview:-1\" \/>\n<link rel=\"canonical\" href=\"https:\/\/noain.es\/eu\/elortzibar\/turismoa-eta-bitxikeriak\/\" \/>\n<meta property=\"og:locale\" content=\"eu_ES\" \/>\n<meta property=\"og:type\" content=\"article\" \/>\n<meta property=\"og:title\" content=\"TURISMOA ETA BITXIKERIAK - Elortzibarko Udala\" \/>\n<meta property=\"og:description\" content=\"NOLA IRITSI Ekialdetik, Ibarra zeharkatzen duen N-240 errepidean barna (Iru\u00f1eko norabidean). Hegoaldetik, bai A-15 autopistan zehar, nola N-121 errepidean barna (biak ere Iru\u00f1erantz). Iparraldetik, AP-15 autopistan barna (Zaragoza bidean). Eta mendebaldetik, AP-15en barna, edo Iru\u00f1etik, NA-6001 errepidea hartuta, eta gero, NA-6002 errepidea. Eskualdeko Hiri Garraioaren 16. Lineak egunero lotzen du Noain Iru\u00f1ea erdigunearekin.&nbsp;Zerbitzua Iru\u00f1erriko Mankomunitateak, [&hellip;]\" \/>\n<meta property=\"og:url\" content=\"https:\/\/noain.es\/eu\/elortzibar\/turismoa-eta-bitxikeriak\/\" \/>\n<meta property=\"og:site_name\" content=\"Elortzibarko Udala\" \/>\n<meta property=\"article:modified_time\" content=\"2025-01-09T15:33:43+00:00\" \/>\n<meta name=\"twitter:card\" content=\"summary_large_image\" \/>\n<meta name=\"twitter:label1\" content=\"Est. reading time\" \/>\n\t<meta name=\"twitter:data1\" content=\"2 minutes\" \/>\n<script type=\"application\/ld+json\" class=\"yoast-schema-graph\">{\"@context\":\"https:\/\/schema.org\",\"@graph\":[{\"@type\":\"WebPage\",\"@id\":\"https:\/\/noain.es\/eu\/elortzibar\/turismoa-eta-bitxikeriak\/\",\"url\":\"https:\/\/noain.es\/eu\/elortzibar\/turismoa-eta-bitxikeriak\/\",\"name\":\"TURISMOA ETA BITXIKERIAK - Elortzibarko Udala\",\"isPartOf\":{\"@id\":\"https:\/\/noain.es\/eu\/#website\"},\"datePublished\":\"2024-12-09T10:44:50+00:00\",\"dateModified\":\"2025-01-09T15:33:43+00:00\",\"breadcrumb\":{\"@id\":\"https:\/\/noain.es\/eu\/elortzibar\/turismoa-eta-bitxikeriak\/#breadcrumb\"},\"inLanguage\":\"eu-ES\",\"potentialAction\":[{\"@type\":\"ReadAction\",\"target\":[\"https:\/\/noain.es\/eu\/elortzibar\/turismoa-eta-bitxikeriak\/\"]}]},{\"@type\":\"BreadcrumbList\",\"@id\":\"https:\/\/noain.es\/eu\/elortzibar\/turismoa-eta-bitxikeriak\/#breadcrumb\",\"itemListElement\":[{\"@type\":\"ListItem\",\"position\":1,\"name\":\"Portada\",\"item\":\"https:\/\/noain.es\/eu\/\"},{\"@type\":\"ListItem\",\"position\":2,\"name\":\"ELORTZIBAR\",\"item\":\"https:\/\/noain.es\/eu\/elortzibar\/\"},{\"@type\":\"ListItem\",\"position\":3,\"name\":\"TURISMOA ETA BITXIKERIAK\"}]},{\"@type\":\"WebSite\",\"@id\":\"https:\/\/noain.es\/eu\/#website\",\"url\":\"https:\/\/noain.es\/eu\/\",\"name\":\"Elortzibarko Udala\",\"description\":\"\",\"potentialAction\":[{\"@type\":\"SearchAction\",\"target\":{\"@type\":\"EntryPoint\",\"urlTemplate\":\"https:\/\/noain.es\/eu\/?s={search_term_string}\"},\"query-input\":{\"@type\":\"PropertyValueSpecification\",\"valueRequired\":true,\"valueName\":\"search_term_string\"}}],\"inLanguage\":\"eu-ES\"}]}<\/script>\n<!-- \/ Yoast SEO plugin. -->","yoast_head_json":{"title":"TURISMOA ETA BITXIKERIAK - Elortzibarko Udala","robots":{"index":"index","follow":"follow","max-snippet":"max-snippet:-1","max-image-preview":"max-image-preview:large","max-video-preview":"max-video-preview:-1"},"canonical":"https:\/\/noain.es\/eu\/elortzibar\/turismoa-eta-bitxikeriak\/","og_locale":"eu_ES","og_type":"article","og_title":"TURISMOA ETA BITXIKERIAK - Elortzibarko Udala","og_description":"NOLA IRITSI Ekialdetik, Ibarra zeharkatzen duen N-240 errepidean barna (Iru\u00f1eko norabidean). Hegoaldetik, bai A-15 autopistan zehar, nola N-121 errepidean barna (biak ere Iru\u00f1erantz). Iparraldetik, AP-15 autopistan barna (Zaragoza bidean). Eta mendebaldetik, AP-15en barna, edo Iru\u00f1etik, NA-6001 errepidea hartuta, eta gero, NA-6002 errepidea. Eskualdeko Hiri Garraioaren 16. Lineak egunero lotzen du Noain Iru\u00f1ea erdigunearekin.&nbsp;Zerbitzua Iru\u00f1erriko Mankomunitateak, [&hellip;]","og_url":"https:\/\/noain.es\/eu\/elortzibar\/turismoa-eta-bitxikeriak\/","og_site_name":"Elortzibarko Udala","article_modified_time":"2025-01-09T15:33:43+00:00","twitter_card":"summary_large_image","twitter_misc":{"Est. reading time":"2 minutes"},"schema":{"@context":"https:\/\/schema.org","@graph":[{"@type":"WebPage","@id":"https:\/\/noain.es\/eu\/elortzibar\/turismoa-eta-bitxikeriak\/","url":"https:\/\/noain.es\/eu\/elortzibar\/turismoa-eta-bitxikeriak\/","name":"TURISMOA ETA BITXIKERIAK - Elortzibarko Udala","isPartOf":{"@id":"https:\/\/noain.es\/eu\/#website"},"datePublished":"2024-12-09T10:44:50+00:00","dateModified":"2025-01-09T15:33:43+00:00","breadcrumb":{"@id":"https:\/\/noain.es\/eu\/elortzibar\/turismoa-eta-bitxikeriak\/#breadcrumb"},"inLanguage":"eu-ES","potentialAction":[{"@type":"ReadAction","target":["https:\/\/noain.es\/eu\/elortzibar\/turismoa-eta-bitxikeriak\/"]}]},{"@type":"BreadcrumbList","@id":"https:\/\/noain.es\/eu\/elortzibar\/turismoa-eta-bitxikeriak\/#breadcrumb","itemListElement":[{"@type":"ListItem","position":1,"name":"Portada","item":"https:\/\/noain.es\/eu\/"},{"@type":"ListItem","position":2,"name":"ELORTZIBAR","item":"https:\/\/noain.es\/eu\/elortzibar\/"},{"@type":"ListItem","position":3,"name":"TURISMOA ETA BITXIKERIAK"}]},{"@type":"WebSite","@id":"https:\/\/noain.es\/eu\/#website","url":"https:\/\/noain.es\/eu\/","name":"Elortzibarko Udala","description":"","potentialAction":[{"@type":"SearchAction","target":{"@type":"EntryPoint","urlTemplate":"https:\/\/noain.es\/eu\/?s={search_term_string}"},"query-input":{"@type":"PropertyValueSpecification","valueRequired":true,"valueName":"search_term_string"}}],"inLanguage":"eu-ES"}]}},"_links":{"self":[{"href":"https:\/\/noain.es\/eu\/wp-json\/wp\/v2\/pages\/11802","targetHints":{"allow":["GET"]}}],"collection":[{"href":"https:\/\/noain.es\/eu\/wp-json\/wp\/v2\/pages"}],"about":[{"href":"https:\/\/noain.es\/eu\/wp-json\/wp\/v2\/types\/page"}],"author":[{"embeddable":true,"href":"https:\/\/noain.es\/eu\/wp-json\/wp\/v2\/users\/1"}],"replies":[{"embeddable":true,"href":"https:\/\/noain.es\/eu\/wp-json\/wp\/v2\/comments?post=11802"}],"version-history":[{"count":6,"href":"https:\/\/noain.es\/eu\/wp-json\/wp\/v2\/pages\/11802\/revisions"}],"predecessor-version":[{"id":12172,"href":"https:\/\/noain.es\/eu\/wp-json\/wp\/v2\/pages\/11802\/revisions\/12172"}],"up":[{"embeddable":true,"href":"https:\/\/noain.es\/eu\/wp-json\/wp\/v2\/pages\/11787"}],"wp:attachment":[{"href":"https:\/\/noain.es\/eu\/wp-json\/wp\/v2\/media?parent=11802"}],"curies":[{"name":"wp","href":"https:\/\/api.w.org\/{rel}","templated":true}]}}